{"id":3,"date":"2025-04-25T06:46:46","date_gmt":"2025-04-25T06:46:46","guid":{"rendered":"https:\/\/shop.eestitraat.ee\/?page_id=3"},"modified":"2025-08-11T14:29:58","modified_gmt":"2025-08-11T14:29:58","slug":"privaatsus","status":"publish","type":"page","link":"https:\/\/shop.eestitraat.ee\/en\/privaatsus\/","title":{"rendered":"Privacy Policy"},"content":{"rendered":"<div data-elementor-type=\"wp-page\" data-elementor-id=\"3\" class=\"elementor elementor-3\" data-elementor-post-type=\"page\">\n\t\t\t\t<div class=\"elementor-element elementor-element-0816985 e-flex e-con-boxed e-con e-parent\" data-id=\"0816985\" data-element_type=\"container\" data-e-type=\"container\">\n\t\t\t\t\t<div class=\"e-con-inner\">\n\t\t\t\t<div class=\"elementor-element elementor-element-6748f1f elementor-widget elementor-widget-heading\" data-id=\"6748f1f\" data-element_type=\"widget\" data-e-type=\"widget\" data-widget_type=\"heading.default\">\n\t\t\t\t\t<h2 class=\"elementor-heading-title elementor-size-default\">Privacy Policy<\/h2>\t\t\t\t<\/div>\n\t\t\t\t<div class=\"elementor-element elementor-element-565456ed elementor-widget elementor-widget-text-editor\" data-id=\"565456ed\" data-element_type=\"widget\" data-e-type=\"widget\" data-widget_type=\"text-editor.default\">\n\t\t\t\t\t\t\t\t\t\n<p><em>The protection of personal data is very important to us and we take it very seriously. In this privacy policy, the principles of which Eesti Traat O\u00dc follow, you will find detailed information about what personal data Eesti Traat O\u00dc collects about you, what we use it for and who has access to it.<\/em><\/p>\n<p>It is possible to visit our website without providing us with any personally identifiable information.<\/p>\n<p>When processing personal data, we are guided by applicable legislation regarding the protection of personal data, including Regulation (EU) 2016\/679 of the European Parliament and of the Council (hereinafter &quot;GDPR&quot;) and the Estonian Personal Data Protection Act.<\/p>\n<p>Eesti Traat O\u00dc respects your rights to control your privacy. It is important to us that you can exercise your rights. Below you will find details on how to do this.<\/p>\n<h3 class=\"wp-block-heading\">\u00a0<\/h3>\n<h3>Responsible data processor<\/h3>\n<p>Company name: Estonian Wire O\u00dc<br \/>Address: Vana-Narva mnt 28g, Maardu 74114<br \/>E-post:\u00a0info@eestitraat.ee<\/p>\n<p>The data protection specialist of Eesti Traat O\u00dc can be contacted by e-mail info@eestitraat.ee<\/p>\n<h3>\u00a0<\/h3>\n<h3>What personal data does Eesti Traat O\u00dc collect and how is it used?<\/h3>\n<h3>Website browsing statistics<\/h3>\n<p>Eesti Traat O\u00dc wants to make its website as easy to use as possible. In order to improve the user experience, the following information is recorded about you when you visit the Eesti Traat O\u00dc website: browser type and version, device type and operating system, IP address, length and time of the website visit session, pages visited, and demographic information, such as language preference and location. We use the data collected for website browsing statistics in an anonymous form and do not associate it with any specific natural person.<\/p>\n<p>In order to collect and analyze the above-mentioned data, Eesti Traat O\u00dc uses the automated tool Google Analytics. You can disable the collection of your data by Google Analytics at any time, as described\u00a0<a href=\"https:\/\/tools.google.com\/dlpage\/gaoptout\/\" target=\"_blank\" rel=\"noopener noreferrer\">here<\/a>.<\/p>\n<h3>Logs<\/h3>\n<p>The server that hosts the Eesti Traat O\u00dc website may also record the requests you make to the server (the website address you visit, the browser and device you use, your IP address, the time of access). This data is used only for technical purposes - to ensure the proper functioning and security of the website and to investigate possible security incidents.<\/p>\n<h3>Cookies<\/h3>\n<p><strong>What are cookies?<\/strong><\/p>\n<p>A cookie is a small text file that a website stores on your computer or mobile device when you visit a website. It allows the website to remember your actions and preferences over a longer period of time so that you do not have to re-enter them when you visit the website again or when you move from one page to another.<\/p>\n<p>Please be aware that the website uses persistent cookies, which are stored on your computer after you close your browser. Persistent cookies can remain on the user&#039;s computer for days, months or even years. Such cookies also help us target advertising to you, which you see primarily on Facebook and\/or Google, but also on Instagram and\/or YouTube.<\/p>\n<p><strong>Disabling and deleting cookies<\/strong><\/p>\n<p>As an Internet user, you can disable or restrict the storage of cookies on your computer. You can also delete all cookies that have already been stored on your computer. To do this, you need to change your personal browser privacy settings. We would like to point out that if you wish to do this, you may have to manually adjust certain preferences each time you visit the website, and certain services and functionalities may not work.<\/p>\n<h3>Inquiries<\/h3>\n<p>If you wish to purchase a service from Eesti Traat O\u00dc or receive more information about it via the Eesti Traat O\u00dc website, sharing personal data with us is necessary. Inquiries can be submitted by filling out the appropriate contact form or by sending an e-mail to info@eestitraat.ee.<\/p>\n<p>In order to be able to respond to your request, we collect the following personal data: your name, contact information (e-mail, phone number). When filling out the contact form, all the information about you that has been stored in cookies so far is also associated with the personal data transmitted via the contact form. In other words, a so-called contact history is created. To prepare the offer, we also use the data obtained from the credit information request about the company and its representatives.<\/p>\n<p>The legal basis for such processing of personal data is the processing of personal data for the performance of a contract concluded with the data subject or for taking steps prior to entering into a contract at the request of the data subject (GDPR Art 6(1)(b)). The aforementioned personal data is accessible to employees of Eesti Traat O\u00dc. If you submit a request via the contact form, the cooperation partner providing us with IT services may also have access to the personal data. We implement appropriate technical and organizational measures to ensure the security of personal data.<\/p>\n<p>Personal data collected from inquiries will be stored for as long as the signed customer agreement is valid. If the customer agreement has not been signed, personal data will be stored only for statistical purposes (sales statistics) for 5 years from the date of the inquiry. Eesti Traat O\u00dc has a legitimate interest (GDPR Art 6(1)(f)) in compiling sales statistics for better planning of its business.<\/p>\n<h3>\u00a0<\/h3>\n<h3>Your rights and how you can exercise them<\/h3>\n<p>By contacting Eesti Traat O\u00dc via e-mail info@eestitraat.ee, you can exercise your following rights:<\/p>\n<p>-the right to access personal data concerning you;<\/p>\n<p>-the right to rectification of personal data;<\/p>\n<p>-the right to erasure of personal data;<\/p>\n<p>-the right to transfer personal data;<\/p>\n<p>-the right not to be subject to a decision based solely on automated processing;<\/p>\n<p>-the right to withdraw consent.<\/p>\n<p>In certain cases, you have the right to request the restriction of the processing of personal data concerning you and the right to object to the processing of personal data concerning you.<\/p>\n<p>You may exercise your rights in accordance with the conditions arising from the GDPR and other local legislation.<\/p>\n<p>If you believe that your privacy has been violated, please contact us at the email address provided below. You also have the right to file a complaint with the data protection supervisory authority of the country where you reside. In Estonia, this is the Estonian Data Protection Inspectorate.<\/p>\n<p>If you have any questions, please feel free to contact our data protection officer by writing to info@eestitraat.ee<\/p>\t\t\t\t\t\t\t\t<\/div>\n\t\t\t\t\t<\/div>\n\t\t\t\t<\/div>\n\t\t\t\t<\/div>","protected":false},"excerpt":{"rendered":"<p>Privaatsus Isikuandmete kaitse on meie jaoks v\u00e4ga oluline ning suhtume sellesse t\u00e4ie t\u00f5sidusega. K\u00e4esolevast privaatsuspoliitikast, mille p\u00f5him\u00f5tteid\u00a0Eesti Traat O\u00dc j\u00e4rgib, leiate detailset informatsiooni selle kohta, milliseid isikuandmeid Eesti Traat O\u00dc teie kohta kogub, milleks neid kasutame ja kellel neile ligip\u00e4\u00e4s on. Meie kodulehte on v\u00f5imalik k\u00fclastada ilma, et j\u00e4taksite meile tuvastatavaid isikuandmed. Isikuandmete t\u00f6\u00f6tlemisel juhindume [&hellip;]<\/p>\n","protected":false},"author":4,"featured_media":0,"parent":0,"menu_order":0,"comment_status":"closed","ping_status":"closed","template":"elementor_header_footer","meta":{"footnotes":""},"class_list":["post-3","page","type-page","status-publish","hentry"],"_links":{"self":[{"href":"https:\/\/shop.eestitraat.ee\/en\/wp-json\/wp\/v2\/pages\/3","targetHints":{"allow":["GET"]}}],"collection":[{"href":"https:\/\/shop.eestitraat.ee\/en\/wp-json\/wp\/v2\/pages"}],"about":[{"href":"https:\/\/shop.eestitraat.ee\/en\/wp-json\/wp\/v2\/types\/page"}],"author":[{"embeddable":true,"href":"https:\/\/shop.eestitraat.ee\/en\/wp-json\/wp\/v2\/users\/4"}],"replies":[{"embeddable":true,"href":"https:\/\/shop.eestitraat.ee\/en\/wp-json\/wp\/v2\/comments?post=3"}],"version-history":[{"count":5,"href":"https:\/\/shop.eestitraat.ee\/en\/wp-json\/wp\/v2\/pages\/3\/revisions"}],"predecessor-version":[{"id":1911,"href":"https:\/\/shop.eestitraat.ee\/en\/wp-json\/wp\/v2\/pages\/3\/revisions\/1911"}],"wp:attachment":[{"href":"https:\/\/shop.eestitraat.ee\/en\/wp-json\/wp\/v2\/media?parent=3"}],"curies":[{"name":"wp","href":"https:\/\/api.w.org\/{rel}","templated":true}]}}