{"id":3,"date":"2025-04-25T06:46:46","date_gmt":"2025-04-25T06:46:46","guid":{"rendered":"https:\/\/shop.eestitraat.ee\/?page_id=3"},"modified":"2025-08-11T14:29:58","modified_gmt":"2025-08-11T14:29:58","slug":"privaatsus","status":"publish","type":"page","link":"https:\/\/shop.eestitraat.ee\/fi\/privaatsus\/","title":{"rendered":"Tietosuoja"},"content":{"rendered":"<div data-elementor-type=\"wp-page\" data-elementor-id=\"3\" class=\"elementor elementor-3\" data-elementor-post-type=\"page\">\n\t\t\t\t<div class=\"elementor-element elementor-element-0816985 e-flex e-con-boxed e-con e-parent\" data-id=\"0816985\" data-element_type=\"container\" data-e-type=\"container\">\n\t\t\t\t\t<div class=\"e-con-inner\">\n\t\t\t\t<div class=\"elementor-element elementor-element-6748f1f elementor-widget elementor-widget-heading\" data-id=\"6748f1f\" data-element_type=\"widget\" data-e-type=\"widget\" data-widget_type=\"heading.default\">\n\t\t\t\t\t<h2 class=\"elementor-heading-title elementor-size-default\">Tietosuoja<\/h2>\t\t\t\t<\/div>\n\t\t\t\t<div class=\"elementor-element elementor-element-565456ed elementor-widget elementor-widget-text-editor\" data-id=\"565456ed\" data-element_type=\"widget\" data-e-type=\"widget\" data-widget_type=\"text-editor.default\">\n\t\t\t\t\t\t\t\t\t\n<p><em>Isikuandmete kaitse on meie jaoks v\u00e4ga oluline ning suhtume sellesse t\u00e4ie t\u00f5sidusega. K\u00e4esolevast privaatsuspoliitikast, mille p\u00f5him\u00f5tteid\u00a0Eesti Traat O\u00dc j\u00e4rgib, leiate detailset informatsiooni selle kohta, milliseid isikuandmeid Eesti Traat O\u00dc teie kohta kogub, milleks neid kasutame ja kellel neile ligip\u00e4\u00e4s on.<\/em><\/p>\n<p>Meie kodulehte on v\u00f5imalik k\u00fclastada ilma, et j\u00e4taksite meile tuvastatavaid isikuandmed.<\/p>\n<p>Isikuandmete t\u00f6\u00f6tlemisel juhindume kohalduvatest isikuandmete kaitset puudutavatest \u00f5igusaktidest, sealhulgas Euroopa Parlamendi ja N\u00f5ukogu m\u00e4\u00e4rusest (EL) 2016\/679 (edaspidi \u201eGDPR\u201c) ja Eesti isikuandmete kaitse seadusest.<\/p>\n<p>Eesti Traat O\u00dc austab teie \u00f5igusi, mis teil on seoses oma privaatsuse kontrollimisega. Meile on oluline, et saaksite oma \u00f5igusi ellu viia. Allpoolt leiate detaile selle kohta, kuidas seda teha.<\/p>\n<h3 class=\"wp-block-heading\">\u00a0<\/h3>\n<h3>Vastutav andmet\u00f6\u00f6tleja<\/h3>\n<p>Ettev\u00f5tte nimi:\u00a0Eesti Traat O\u00dc<br \/>Osoite: Vana-Narva mnt 28g, Maardu 74114<br \/>E-post:\u00a0info@eestitraat.ee<\/p>\n<p>Eesti Traat O\u00dc andmekaitsespetsialistiga on v\u00f5imalik kontakteeruda e-posti teel info@eestitraat.ee<\/p>\n<h3>\u00a0<\/h3>\n<h3>Milliseid isikuandmeid Eesti Traat O\u00dc kogub ja kuidas neid kasutatakse?<\/h3>\n<h3>Veebilehe sirvimise statistika<\/h3>\n<p>Eesti Traat O\u00dc soovib oma veebilehe teha nii kergesti kasutatavaks kui v\u00f5imalik. Selleks, et parandada kasutajakogemust salvestatakse teie kohta Eesti Traat O\u00dc kodulehte k\u00fclastades muuhulgas j\u00e4rgnev informatsioon: veebilehitseja t\u00fc\u00fcp ja versioon, seadme t\u00fc\u00fcp ja operatsioonis\u00fcsteem, IP-aadress, kodulehe k\u00fclastamise sessiooni pikkus ja aeg, k\u00fclastatud lehed ning demograafiline teave, nagu kasutatava keele eelistus ja asukoht. Veebilehe sirvimise statistikaks kogutud andmeid kasutame anon\u00fc\u00fcmsel kujul ning me ei vii neid kokku \u00fchegi konkreetse f\u00fc\u00fcsilise isikuga.<\/p>\n<p>Selleks, et koguda ja anal\u00fc\u00fcsida \u00fclalpool nimetatud andmeid, kasutab Eesti Traat O\u00dc automatiseeritud t\u00f6\u00f6riista Google Analytics. Te v\u00f5ite igal ajal keelata oma andmete kogumise Google Analyticsi poolt, nagu on kirjeldatud\u00a0<a href=\"https:\/\/tools.google.com\/dlpage\/gaoptout\/\" target=\"_blank\" rel=\"noopener noreferrer\">siin<\/a>.<\/p>\n<h3>Logid<\/h3>\n<p>Server, mis majutab\u00a0Eesti Traat O\u00dc\u00a0veebilehte, v\u00f5ib samuti salvestada p\u00e4ringuid, mida serverile teete (veebiaadress, mida avate, teie poolt kasutatav veebilehitseja ja seade, IP-aadress, juurdep\u00e4\u00e4su aeg). Neid andmeid kasutatakse ainult tehnilistel eesm\u00e4rkidel \u2013 et tagada veebilehe n\u00f5uetekohane toimimine ja turvalisus ning uurida v\u00f5imalikke turvaintsidente.<\/p>\n<h3>K\u00fcpsised<\/h3>\n<p><strong>Mis on k\u00fcpsised?<\/strong><\/p>\n<p>Ev\u00e4ste on pieni tekstitiedosto, jonka verkkosivusto tallentaa tietokoneellesi tai mobiililaitteellesi, kun vierailet verkkosivustolla. Sen avulla verkkosivusto muistaa toimintasi ja asetuksesi pidemm\u00e4n ajan kuluessa, jotta sinun ei tarvitse sy\u00f6tt\u00e4\u00e4 niit\u00e4 uudelleen, kun vierailet verkkosivustolla uudelleen tai kun siirryt sivulta toiselle.<\/p>\n<p>Olge palun teadlik, et kodulehel kasutatakse p\u00fcsik\u00fcpsiseid, mis salvestuvad teie arvutisse p\u00e4rast veebilehitseja sulgemist. P\u00fcsik\u00fcpsised v\u00f5ivad j\u00e4\u00e4da kasutaja arvutisse p\u00e4evadeks, kuudeks v\u00f5i isegi aastateks. Taolised k\u00fcpsised aitavad meil suunata teile ka reklaami, mida n\u00e4ete eelk\u00f5ige Facebookis ja\/v\u00f5i Google\u2019is, aga ka Instagramis ja\/v\u00f5i YouTube\u2019is.<\/p>\n<p><strong>K\u00fcpsiste keelamine ja kustutamine<\/strong><\/p>\n<p>Internetin k\u00e4ytt\u00e4j\u00e4n\u00e4 voit poistaa ev\u00e4steiden tallennuksen tietokoneellesi tai rajoittaa sit\u00e4. Voit my\u00f6s poistaa kaikki tietokoneellesi jo tallennetut ev\u00e4steet. T\u00e4t\u00e4 varten sinun on muutettava selaimesi tietosuoja-asetuksia. Haluamme huomauttaa, ett\u00e4 jos haluat tehd\u00e4 t\u00e4m\u00e4n, sinun on ehk\u00e4 mukautettava tiettyj\u00e4 asetuksia manuaalisesti joka kerta, kun vierailet verkkosivustolla, eiv\u00e4tk\u00e4 tietyt palvelut ja toiminnot v\u00e4ltt\u00e4m\u00e4tt\u00e4 toimi.<\/p>\n<h3>P\u00e4ringud<\/h3>\n<p>Kui soovite\u00a0Eesti Traat O\u00dc\u00a0kodulehe kaudu osta\u00a0Eesti Traat O\u00dc-lt teenust v\u00f5i saada selle kohta rohkem teavet, siis on isikuandmete jagamine meiega vajalik. P\u00e4ringuid on v\u00f5imalik esitada t\u00e4ites vastava kontaktivormi v\u00f5i saates e-kirja aadressile\u00a0info@eestitraat.ee.<\/p>\n<p>Selleks, et saaksime vastata teie p\u00e4ringule, kogume j\u00e4rgnevaid isikuandmeid: teie nimi, kontaktandmed (e-post, telefoninumber). Kontaktivormi t\u00e4itmisel seostatakse ka k\u00f5ik senised teie kohta k\u00fcpsistega salvestunud infokillud kontaktivormi kaudu edastatud isikuandmetega. Teisis\u00f5nu tekib nii-\u00f6elda kontakti ajalugu. Pakkumise ettevalmistamiseks kasutame ka krediidiinfo p\u00e4ringust saadud andmeid ettev\u00f5tte ja selle esindajate kohta.<\/p>\n<p>\u00d5iguslik alus taoliseks isikuandmete t\u00f6\u00f6tlemiseks on isikuandmete t\u00f6\u00f6tlemine andmesubjekti osalusel s\u00f5lmitud lepingu t\u00e4itmiseks v\u00f5i lepingu s\u00f5lmimisele eelnevate meetmete v\u00f5tmiseks vastavalt andmesubjekti taotlusele (GDPR Art 6(1)(b)). Eelpool nimetatud isikuandmetele p\u00e4\u00e4sevad ligi\u00a0Eesti Traat O\u00dc\u00a0t\u00f6\u00f6tajad. Kui esitate p\u00e4ringu kontaktivormi kaudu, v\u00f5ib isikuandmetele ligi p\u00e4\u00e4seda ka meile IT teenuseid pakkuv koost\u00f6\u00f6partner. Me rakendame asjakohaseid tehnilisi ja korralduslikke meetmeid, et tagada isikuandmete turvalisus.<\/p>\n<p>P\u00e4ringutest kogutud isikuandmeid s\u00e4ilitamine nii kaua kuni kehtib allkirjastatud kliendileping. Kui kliendilepingut ei allkirjastatud, siis s\u00e4ilitatakse isikuandmeid vaid statistilisel eesm\u00e4rgil (m\u00fc\u00fcgistatistika) 5 aastat alates p\u00e4ringu esitamisest.\u00a0Eesti Traat O\u00dc-l on \u00f5igustatud huvi (GDPR Art 6(1)(f)) teha m\u00fc\u00fcgistatistikat oma \u00e4ritegevuse paremaks planeerimiseks.<\/p>\n<h3>\u00a0<\/h3>\n<h3>Teie \u00f5igused ja kuidas saate oma \u00f5igusi teostada<\/h3>\n<p>Kontakteerudes\u00a0Eesti Traat O\u00dc-ga e-posti\u00a0info@eestitraat.ee teel, v\u00f5ite teostada oma j\u00e4rgnevaid \u00f5igusi:<\/p>\n<p>-\u00f5igust tutvuda teie kohta k\u00e4ivate isikuandmetega;<\/p>\n<p>-\u00f5igust isikuandmete parandamisele;<\/p>\n<p>-\u00f5igust isikuandmete kustutamisele;<\/p>\n<p>-\u00f5igust isikuandmete \u00fclekandmisele;<\/p>\n<p>-\u00f5igust, et teie kohta ei v\u00f5etaks otsust, mis p\u00f5hineb \u00fcksnes automatiseeritud t\u00f6\u00f6tlusel;<\/p>\n<p>-\u00f5igust n\u00f5usoleku tagasiv\u00f5tmisele.<\/p>\n<p>Teatud juhtudel on teil \u00f5igus n\u00f5uda teie kohta k\u00e4ivate isikuandmete t\u00f6\u00f6tlemise piiramist ja \u00f5igus esitada vastuv\u00e4iteid teie kohta k\u00e4ivate isikuandmete t\u00f6\u00f6tlemisele.<\/p>\n<p>Te v\u00f5ite oma \u00f5igusi teostada koosk\u00f5las tingimustega, mis tulenevad GDPR-ist ja teistest kohalikest \u00f5igusaktidest.<\/p>\n<p>Kui te arvate, et teie privaatsust on rikutud, siis palume v\u00f5tta meiega \u00fchendust allpool viidatud e-posti aadressil. Teil on ka \u00f5igus esitada kaebus selle riigi andmekaitse j\u00e4relvalveasutusele, kus asub teie alaline elukoht. Eestis on selleks Eesti Andmekaitse Inspektsioon.<\/p>\n<p>Kui Teil tekib k\u00fcsimusi, p\u00f6\u00f6rduge julgesti meie andmekaitseametniku poole kirjutades selleks aadressil info@eestitraat.ee<\/p>\t\t\t\t\t\t\t\t<\/div>\n\t\t\t\t\t<\/div>\n\t\t\t\t<\/div>\n\t\t\t\t<\/div>","protected":false},"excerpt":{"rendered":"<p>Privaatsus Isikuandmete kaitse on meie jaoks v\u00e4ga oluline ning suhtume sellesse t\u00e4ie t\u00f5sidusega. K\u00e4esolevast privaatsuspoliitikast, mille p\u00f5him\u00f5tteid\u00a0Eesti Traat O\u00dc j\u00e4rgib, leiate detailset informatsiooni selle kohta, milliseid isikuandmeid Eesti Traat O\u00dc teie kohta kogub, milleks neid kasutame ja kellel neile ligip\u00e4\u00e4s on. Meie kodulehte on v\u00f5imalik k\u00fclastada ilma, et j\u00e4taksite meile tuvastatavaid isikuandmed. Isikuandmete t\u00f6\u00f6tlemisel juhindume [&hellip;]<\/p>\n","protected":false},"author":4,"featured_media":0,"parent":0,"menu_order":0,"comment_status":"closed","ping_status":"closed","template":"elementor_header_footer","meta":{"footnotes":""},"class_list":["post-3","page","type-page","status-publish","hentry"],"_links":{"self":[{"href":"https:\/\/shop.eestitraat.ee\/fi\/wp-json\/wp\/v2\/pages\/3","targetHints":{"allow":["GET"]}}],"collection":[{"href":"https:\/\/shop.eestitraat.ee\/fi\/wp-json\/wp\/v2\/pages"}],"about":[{"href":"https:\/\/shop.eestitraat.ee\/fi\/wp-json\/wp\/v2\/types\/page"}],"author":[{"embeddable":true,"href":"https:\/\/shop.eestitraat.ee\/fi\/wp-json\/wp\/v2\/users\/4"}],"replies":[{"embeddable":true,"href":"https:\/\/shop.eestitraat.ee\/fi\/wp-json\/wp\/v2\/comments?post=3"}],"version-history":[{"count":5,"href":"https:\/\/shop.eestitraat.ee\/fi\/wp-json\/wp\/v2\/pages\/3\/revisions"}],"predecessor-version":[{"id":1911,"href":"https:\/\/shop.eestitraat.ee\/fi\/wp-json\/wp\/v2\/pages\/3\/revisions\/1911"}],"wp:attachment":[{"href":"https:\/\/shop.eestitraat.ee\/fi\/wp-json\/wp\/v2\/media?parent=3"}],"curies":[{"name":"wp","href":"https:\/\/api.w.org\/{rel}","templated":true}]}}