{"id":1071,"date":"2025-05-23T18:09:41","date_gmt":"2025-05-23T18:09:41","guid":{"rendered":"https:\/\/shop.eestitraat.ee\/?post_type=product&#038;p=1071"},"modified":"2025-07-18T20:34:20","modified_gmt":"2025-07-18T20:34:20","slug":"armatuurteras-roostevaba-b600xb-d11mm-l6000mm25tk-pakk","status":"publish","type":"product","link":"https:\/\/shop.eestitraat.ee\/fi\/product\/armatuurteras-roostevaba-b600xb-d11mm-l6000mm25tk-pakk\/","title":{"rendered":"Betoniter\u00e4s ruostumatonta ter\u00e4st\u00e4 B600XB D11mm P=6000mm (25 kpl\/pakkaus)"},"content":{"rendered":"","protected":false},"excerpt":{"rendered":"","protected":false},"featured_media":0,"template":"","meta":[],"product_brand":[],"product_cat":[22],"product_tag":[],"class_list":{"0":"post-1071","1":"product","2":"type-product","3":"status-publish","5":"product_cat-armatuur","7":"first","8":"instock","9":"shipping-taxable","10":"purchasable","11":"product-type-simple"},"_links":{"self":[{"href":"https:\/\/shop.eestitraat.ee\/fi\/wp-json\/wp\/v2\/product\/1071","targetHints":{"allow":["GET"]}}],"collection":[{"href":"https:\/\/shop.eestitraat.ee\/fi\/wp-json\/wp\/v2\/product"}],"about":[{"href":"https:\/\/shop.eestitraat.ee\/fi\/wp-json\/wp\/v2\/types\/product"}],"wp:attachment":[{"href":"https:\/\/shop.eestitraat.ee\/fi\/wp-json\/wp\/v2\/media?parent=1071"}],"wp:term":[{"taxonomy":"product_brand","embeddable":true,"href":"https:\/\/shop.eestitraat.ee\/fi\/wp-json\/wp\/v2\/product_brand?post=1071"},{"taxonomy":"product_cat","embeddable":true,"href":"https:\/\/shop.eestitraat.ee\/fi\/wp-json\/wp\/v2\/product_cat?post=1071"},{"taxonomy":"product_tag","embeddable":true,"href":"https:\/\/shop.eestitraat.ee\/fi\/wp-json\/wp\/v2\/product_tag?post=1071"}],"curies":[{"name":"wp","href":"https:\/\/api.w.org\/{rel}","templated":true}]}}