{"id":1240,"date":"2025-05-23T18:28:03","date_gmt":"2025-05-23T18:28:03","guid":{"rendered":"https:\/\/shop.eestitraat.ee\/?post_type=product&#038;p=1240"},"modified":"2025-07-18T20:34:31","modified_gmt":"2025-07-18T20:34:31","slug":"armatuurikandur-taburertt-30mm-terava-otsaga-pakis-500tk","status":"publish","type":"product","link":"https:\/\/shop.eestitraat.ee\/fi\/product\/armatuurikandur-taburertt-30mm-terava-otsaga-pakis-500tk\/","title":{"rendered":"Vahvistuskansi Taburett 30mm ter\u00e4v\u00e4ll\u00e4 k\u00e4rjell\u00e4 (500 kpl pakkaus)"},"content":{"rendered":"","protected":false},"excerpt":{"rendered":"","protected":false},"featured_media":0,"template":"","meta":[],"product_brand":[],"product_cat":[24],"product_tag":[],"class_list":{"0":"post-1240","1":"product","2":"type-product","3":"status-publish","5":"product_cat-lisatarvikud","7":"first","8":"instock","9":"shipping-taxable","10":"purchasable","11":"product-type-simple"},"_links":{"self":[{"href":"https:\/\/shop.eestitraat.ee\/fi\/wp-json\/wp\/v2\/product\/1240","targetHints":{"allow":["GET"]}}],"collection":[{"href":"https:\/\/shop.eestitraat.ee\/fi\/wp-json\/wp\/v2\/product"}],"about":[{"href":"https:\/\/shop.eestitraat.ee\/fi\/wp-json\/wp\/v2\/types\/product"}],"wp:attachment":[{"href":"https:\/\/shop.eestitraat.ee\/fi\/wp-json\/wp\/v2\/media?parent=1240"}],"wp:term":[{"taxonomy":"product_brand","embeddable":true,"href":"https:\/\/shop.eestitraat.ee\/fi\/wp-json\/wp\/v2\/product_brand?post=1240"},{"taxonomy":"product_cat","embeddable":true,"href":"https:\/\/shop.eestitraat.ee\/fi\/wp-json\/wp\/v2\/product_cat?post=1240"},{"taxonomy":"product_tag","embeddable":true,"href":"https:\/\/shop.eestitraat.ee\/fi\/wp-json\/wp\/v2\/product_tag?post=1240"}],"curies":[{"name":"wp","href":"https:\/\/api.w.org\/{rel}","templated":true}]}}