{"id":9,"date":"2025-04-25T11:36:25","date_gmt":"2025-04-25T11:36:25","guid":{"rendered":"https:\/\/shop.eestitraat.ee\/?page_id=9"},"modified":"2025-10-10T12:19:04","modified_gmt":"2025-10-10T12:19:04","slug":"shop","status":"publish","type":"page","link":"https:\/\/shop.eestitraat.ee\/ru\/","title":{"rendered":"\u0414\u043e\u043c"},"content":{"rendered":"<div data-elementor-type=\"wp-post\" data-elementor-id=\"9\" class=\"elementor elementor-9\" data-elementor-post-type=\"page\">\n\t\t\t\t<div class=\"elementor-element elementor-element-55501ee e-flex e-con-boxed e-con e-parent\" data-id=\"55501ee\" data-element_type=\"container\" data-e-type=\"container\">\n\t\t\t\t\t<div class=\"e-con-inner\">\n\t\t<div class=\"elementor-element elementor-element-ecaf227 e-con-full e-flex e-con e-child\" data-id=\"ecaf227\" data-element_type=\"container\" data-e-type=\"container\">\n\t\t\t\t<div class=\"elementor-element elementor-element-1bdec2e elementor-widget elementor-widget-heading\" data-id=\"1bdec2e\" data-element_type=\"widget\" data-e-type=\"widget\" data-widget_type=\"heading.default\">\n\t\t\t\t\t<h1 class=\"elementor-heading-title elementor-size-default\">\u042d\u043b. \u0437\u0430\u043a\u0430\u0437<\/h1>\t\t\t\t<\/div>\n\t\t\t\t<div class=\"elementor-element elementor-element-115fe36 elementor-widget-divider--view-line elementor-widget elementor-widget-divider\" data-id=\"115fe36\" data-element_type=\"widget\" data-e-type=\"widget\" data-widget_type=\"divider.default\">\n\t\t\t\t\t\t\t<div class=\"elementor-divider\">\n\t\t\t<span class=\"elementor-divider-separator\">\n\t\t\t\t\t\t<\/span>\n\t\t<\/div>\n\t\t\t\t\t\t<\/div>\n\t\t\t\t<\/div>\n\t\t<div class=\"elementor-element elementor-element-0febf86 e-con-full e-flex e-con e-child\" data-id=\"0febf86\" data-element_type=\"container\" data-e-type=\"container\">\n\t\t<div class=\"elementor-element elementor-element-3614989 e-con-full e-flex e-con e-child\" data-id=\"3614989\" data-element_type=\"container\" data-e-type=\"container\" data-settings=\"{&quot;background_background&quot;:&quot;classic&quot;}\">\n\t\t\t\t<\/div>\n\t\t<div class=\"elementor-element elementor-element-b739bc0 e-con-full e-flex e-con e-child\" data-id=\"b739bc0\" data-element_type=\"container\" data-e-type=\"container\" data-settings=\"{&quot;background_background&quot;:&quot;classic&quot;}\">\n\t\t<div class=\"elementor-element elementor-element-5fdadb8 e-con-full e-flex e-con e-child\" data-id=\"5fdadb8\" data-element_type=\"container\" data-e-type=\"container\">\n\t\t\t\t<div class=\"elementor-element elementor-element-3402460 elementor-widget-tablet__width-initial elementor-widget elementor-widget-heading\" data-id=\"3402460\" data-element_type=\"widget\" data-e-type=\"widget\" data-widget_type=\"heading.default\">\n\t\t\t\t\t<h2 class=\"elementor-heading-title elementor-size-default\">\u0417\u0430\u043a\u0430\u0436\u0438\u0442\u0435 \u0433\u043d\u0443\u0442\u0443\u044e \u0430\u0440\u043c\u0430\u0442\u0443\u0440\u0443 \u0441 \u0432\u0430\u0448\u0438\u043c\u0438 \u0440\u0430\u0437\u043c\u0435\u0440\u0430\u043c\u0438 \u0438 \u0444\u043e\u0440\u043c\u0430\u043c\u0438<\/h2>\t\t\t\t<\/div>\n\t\t\t\t<div class=\"elementor-element elementor-element-fea6ed3 elementor-mobile-align-justify elementor-widget elementor-widget-button\" data-id=\"fea6ed3\" data-element_type=\"widget\" data-e-type=\"widget\" data-widget_type=\"button.default\">\n\t\t\t\t\t\t\t\t\t\t<a class=\"elementor-button elementor-button-link elementor-size-sm\" href=\"https:\/\/shop.eestitraat.ee\/ru\/rangide-tellimus\/\">\n\t\t\t\t\t\t<span class=\"elementor-button-content-wrapper\">\n\t\t\t\t\t\t<span class=\"elementor-button-icon\">\n\t\t\t\t<svg xmlns=\"http:\/\/www.w3.org\/2000\/svg\" width=\"15\" height=\"15\" viewbox=\"0 0 15 15\" fill=\"none\"><path d=\"M1.875 6.5625H10.875L8.70937 4.39688C8.52469 4.21219 8.4375 3.99187 8.4375 3.75C8.4375 3.28875 8.81859 2.8125 9.375 2.8125C9.62391 2.8125 9.84094 2.90297 10.0219 3.08437L13.7522 6.81469C13.9059 6.96844 14.0625 7.15828 14.0625 7.5C14.0625 7.84172 13.9317 8.00625 13.7597 8.17828L10.0219 11.9156C9.84094 12.097 9.62391 12.1875 9.375 12.1875C8.81813 12.1875 8.4375 11.7113 8.4375 11.25C8.4375 11.0081 8.52469 10.7878 8.70937 10.6031L10.875 8.4375H1.875C1.3575 8.4375 0.9375 8.0175 0.9375 7.5C0.9375 6.9825 1.3575 6.5625 1.875 6.5625Z\" fill=\"white\"><\/path><\/svg>\t\t\t<\/span>\n\t\t\t\t\t\t\t\t\t<span class=\"elementor-button-text\">\u041e\u0444\u043e\u0440\u043c\u0438 \u0437\u0430\u043a\u0430\u0437<\/span>\n\t\t\t\t\t<\/span>\n\t\t\t\t\t<\/a>\n\t\t\t\t\t\t\t\t<\/div>\n\t\t\t\t<\/div>\n\t\t<div class=\"elementor-element elementor-element-989e873 e-con-full e-flex e-con e-child\" data-id=\"989e873\" data-element_type=\"container\" data-e-type=\"container\">\n\t\t\t\t<div class=\"elementor-element elementor-element-b46bbd2 elementor-widget elementor-widget-image\" data-id=\"b46bbd2\" data-element_type=\"widget\" data-e-type=\"widget\" data-widget_type=\"image.default\">\n\t\t\t\t\t\t\t\t\t\t\t\t\t\t\t<img loading=\"lazy\" decoding=\"async\" width=\"800\" height=\"334\" src=\"https:\/\/shop.eestitraat.ee\/wp-content\/uploads\/2025\/06\/Rangid-1024x427.webp\" class=\"attachment-large size-large wp-image-1514\" alt=\"\" srcset=\"https:\/\/shop.eestitraat.ee\/wp-content\/uploads\/2025\/06\/Rangid-1024x427.webp 1024w, https:\/\/shop.eestitraat.ee\/wp-content\/uploads\/2025\/06\/Rangid-300x125.webp 300w, https:\/\/shop.eestitraat.ee\/wp-content\/uploads\/2025\/06\/Rangid-768x320.webp 768w, https:\/\/shop.eestitraat.ee\/wp-content\/uploads\/2025\/06\/Rangid-18x8.webp 18w, https:\/\/shop.eestitraat.ee\/wp-content\/uploads\/2025\/06\/Rangid-600x250.webp 600w, https:\/\/shop.eestitraat.ee\/wp-content\/uploads\/2025\/06\/Rangid.webp 1320w\" sizes=\"auto, (max-width: 800px) 100vw, 800px\" \/>\t\t\t\t\t\t\t\t\t\t\t\t\t\t\t<\/div>\n\t\t\t\t<\/div>\n\t\t\t\t<\/div>\n\t\t<div class=\"elementor-element elementor-element-023ab36 e-con-full e-flex e-con e-child\" data-id=\"023ab36\" data-element_type=\"container\" data-e-type=\"container\" data-settings=\"{&quot;background_background&quot;:&quot;classic&quot;}\">\n\t\t\t\t<\/div>\n\t\t\t\t<\/div>\n\t\t<div class=\"elementor-element elementor-element-6697ab1 e-con-full e-grid e-con e-child\" data-id=\"6697ab1\" data-element_type=\"container\" data-e-type=\"container\">\n\t\t<a class=\"elementor-element elementor-element-c1ed5d9 e-con-full e-flex e-con e-child\" data-id=\"c1ed5d9\" data-element_type=\"container\" data-e-type=\"container\" data-settings=\"{&quot;background_background&quot;:&quot;classic&quot;}\" href=\"https:\/\/shop.eestitraat.ee\/ru\/product-category\/profiilid\/\">\n\t\t<div class=\"elementor-element elementor-element-beede30 e-con-full e-flex e-con e-child\" data-id=\"beede30\" data-element_type=\"container\" data-e-type=\"container\" data-settings=\"{&quot;background_background&quot;:&quot;classic&quot;}\">\n\t\t<div class=\"elementor-element elementor-element-8a13009 e-con-full e-flex e-con e-child\" data-id=\"8a13009\" data-element_type=\"container\" data-e-type=\"container\">\n\t\t\t\t<div class=\"elementor-element elementor-element-78943a4 elementor-widget elementor-widget-heading\" data-id=\"78943a4\" data-element_type=\"widget\" data-e-type=\"widget\" data-widget_type=\"heading.default\">\n\t\t\t\t\t<h3 class=\"elementor-heading-title elementor-size-default\">\u041f\u0440\u043e\u0444\u0438\u043b\u044f<\/h3>\t\t\t\t<\/div>\n\t\t<div class=\"elementor-element elementor-element-c134c87 e-con-full square-arrow e-flex e-con e-child\" data-id=\"c134c87\" data-element_type=\"container\" data-e-type=\"container\">\n\t\t\t\t<div class=\"elementor-element elementor-element-aa2ff11 icon-center elementor-view-default elementor-widget elementor-widget-icon\" data-id=\"aa2ff11\" data-element_type=\"widget\" data-e-type=\"widget\" data-widget_type=\"icon.default\">\n\t\t\t\t\t\t\t<div class=\"elementor-icon-wrapper\">\n\t\t\t<div class=\"elementor-icon\">\n\t\t\t<svg xmlns=\"http:\/\/www.w3.org\/2000\/svg\" width=\"20\" height=\"20\" viewbox=\"0 0 20 20\" fill=\"none\"><path d=\"M2.5 8.75H14.5L11.6125 5.8625C11.3663 5.61625 11.25 5.3225 11.25 5C11.25 4.385 11.7581 3.75 12.5 3.75C12.8319 3.75 13.1213 3.87062 13.3625 4.1125L18.3363 9.08625C18.5413 9.29125 18.75 9.54437 18.75 10C18.75 10.4556 18.5756 10.675 18.3463 10.9044L13.3625 15.8875C13.1213 16.1294 12.8319 16.25 12.5 16.25C11.7575 16.25 11.25 15.615 11.25 15C11.25 14.6775 11.3663 14.3838 11.6125 14.1375L14.5 11.25H2.5C1.81 11.25 1.25 10.69 1.25 10C1.25 9.31 1.81 8.75 2.5 8.75Z\" fill=\"#1B1B1B\"><\/path><\/svg>\t\t\t<\/div>\n\t\t<\/div>\n\t\t\t\t\t\t<\/div>\n\t\t\t\t<\/div>\n\t\t\t\t<\/div>\n\t\t\t\t<\/div>\n\t\t\t\t<\/a>\n\t\t<a class=\"elementor-element elementor-element-537735a e-con-full e-flex e-con e-child\" data-id=\"537735a\" data-element_type=\"container\" data-e-type=\"container\" data-settings=\"{&quot;background_background&quot;:&quot;classic&quot;}\" href=\"https:\/\/shop.eestitraat.ee\/ru\/product-category\/armatuur\/\">\n\t\t<div class=\"elementor-element elementor-element-dcf6144 e-con-full e-flex e-con e-child\" data-id=\"dcf6144\" data-element_type=\"container\" data-e-type=\"container\" data-settings=\"{&quot;background_background&quot;:&quot;classic&quot;}\">\n\t\t<div class=\"elementor-element elementor-element-5c47fb4 e-con-full e-flex e-con e-child\" data-id=\"5c47fb4\" data-element_type=\"container\" data-e-type=\"container\">\n\t\t\t\t<div class=\"elementor-element elementor-element-df2f9d3 elementor-widget elementor-widget-heading\" data-id=\"df2f9d3\" data-element_type=\"widget\" data-e-type=\"widget\" data-widget_type=\"heading.default\">\n\t\t\t\t\t<h3 class=\"elementor-heading-title elementor-size-default\">\u0410\u0440\u043c\u0430\u0442\u0443\u0440\u0430<\/h3>\t\t\t\t<\/div>\n\t\t<div class=\"elementor-element elementor-element-22af9bc e-con-full square-arrow e-flex e-con e-child\" data-id=\"22af9bc\" data-element_type=\"container\" data-e-type=\"container\">\n\t\t\t\t<div class=\"elementor-element elementor-element-dddd7c1 icon-center elementor-view-default elementor-widget elementor-widget-icon\" data-id=\"dddd7c1\" data-element_type=\"widget\" data-e-type=\"widget\" data-widget_type=\"icon.default\">\n\t\t\t\t\t\t\t<div class=\"elementor-icon-wrapper\">\n\t\t\t<div class=\"elementor-icon\">\n\t\t\t<svg xmlns=\"http:\/\/www.w3.org\/2000\/svg\" width=\"20\" height=\"20\" viewbox=\"0 0 20 20\" fill=\"none\"><path d=\"M2.5 8.75H14.5L11.6125 5.8625C11.3663 5.61625 11.25 5.3225 11.25 5C11.25 4.385 11.7581 3.75 12.5 3.75C12.8319 3.75 13.1213 3.87062 13.3625 4.1125L18.3363 9.08625C18.5413 9.29125 18.75 9.54437 18.75 10C18.75 10.4556 18.5756 10.675 18.3463 10.9044L13.3625 15.8875C13.1213 16.1294 12.8319 16.25 12.5 16.25C11.7575 16.25 11.25 15.615 11.25 15C11.25 14.6775 11.3663 14.3838 11.6125 14.1375L14.5 11.25H2.5C1.81 11.25 1.25 10.69 1.25 10C1.25 9.31 1.81 8.75 2.5 8.75Z\" fill=\"#1B1B1B\"><\/path><\/svg>\t\t\t<\/div>\n\t\t<\/div>\n\t\t\t\t\t\t<\/div>\n\t\t\t\t<\/div>\n\t\t\t\t<\/div>\n\t\t\t\t<\/div>\n\t\t\t\t<\/a>\n\t\t<a class=\"elementor-element elementor-element-25005d1 e-con-full e-flex e-con e-child\" data-id=\"25005d1\" data-element_type=\"container\" data-e-type=\"container\" data-settings=\"{&quot;background_background&quot;:&quot;classic&quot;}\" href=\"https:\/\/shop.eestitraat.ee\/ru\/product-category\/armatuurvork\/\">\n\t\t<div class=\"elementor-element elementor-element-675bbfa e-con-full e-flex e-con e-child\" data-id=\"675bbfa\" data-element_type=\"container\" data-e-type=\"container\" data-settings=\"{&quot;background_background&quot;:&quot;classic&quot;}\">\n\t\t<div class=\"elementor-element elementor-element-c9a1e60 e-con-full e-flex e-con e-child\" data-id=\"c9a1e60\" data-element_type=\"container\" data-e-type=\"container\">\n\t\t\t\t<div class=\"elementor-element elementor-element-2caec4e elementor-widget elementor-widget-heading\" data-id=\"2caec4e\" data-element_type=\"widget\" data-e-type=\"widget\" data-widget_type=\"heading.default\">\n\t\t\t\t\t<h3 class=\"elementor-heading-title elementor-size-default\">\u0410\u0440\u043c\u0430\u0442\u0443\u0440\u043d\u0430\u044f \u0441\u0435\u0442\u043a\u0430<\/h3>\t\t\t\t<\/div>\n\t\t<div class=\"elementor-element elementor-element-680ac2d e-con-full square-arrow e-flex e-con e-child\" data-id=\"680ac2d\" data-element_type=\"container\" data-e-type=\"container\">\n\t\t\t\t<div class=\"elementor-element elementor-element-c7cad90 icon-center elementor-view-default elementor-widget elementor-widget-icon\" data-id=\"c7cad90\" data-element_type=\"widget\" data-e-type=\"widget\" data-widget_type=\"icon.default\">\n\t\t\t\t\t\t\t<div class=\"elementor-icon-wrapper\">\n\t\t\t<div class=\"elementor-icon\">\n\t\t\t<svg xmlns=\"http:\/\/www.w3.org\/2000\/svg\" width=\"20\" height=\"20\" viewbox=\"0 0 20 20\" fill=\"none\"><path d=\"M2.5 8.75H14.5L11.6125 5.8625C11.3663 5.61625 11.25 5.3225 11.25 5C11.25 4.385 11.7581 3.75 12.5 3.75C12.8319 3.75 13.1213 3.87062 13.3625 4.1125L18.3363 9.08625C18.5413 9.29125 18.75 9.54437 18.75 10C18.75 10.4556 18.5756 10.675 18.3463 10.9044L13.3625 15.8875C13.1213 16.1294 12.8319 16.25 12.5 16.25C11.7575 16.25 11.25 15.615 11.25 15C11.25 14.6775 11.3663 14.3838 11.6125 14.1375L14.5 11.25H2.5C1.81 11.25 1.25 10.69 1.25 10C1.25 9.31 1.81 8.75 2.5 8.75Z\" fill=\"#1B1B1B\"><\/path><\/svg>\t\t\t<\/div>\n\t\t<\/div>\n\t\t\t\t\t\t<\/div>\n\t\t\t\t<\/div>\n\t\t\t\t<\/div>\n\t\t\t\t<\/div>\n\t\t\t\t<\/a>\n\t\t<a class=\"elementor-element elementor-element-3e94c12 e-con-full e-flex e-con e-child\" data-id=\"3e94c12\" data-element_type=\"container\" data-e-type=\"container\" data-settings=\"{&quot;background_background&quot;:&quot;classic&quot;}\" href=\"https:\/\/shop.eestitraat.ee\/ru\/product-category\/lisatarvikud\/\">\n\t\t<div class=\"elementor-element elementor-element-776e33c e-con-full e-flex e-con e-child\" data-id=\"776e33c\" data-element_type=\"container\" data-e-type=\"container\" data-settings=\"{&quot;background_background&quot;:&quot;classic&quot;}\">\n\t\t<div class=\"elementor-element elementor-element-a68bf04 e-con-full e-flex e-con e-child\" data-id=\"a68bf04\" data-element_type=\"container\" data-e-type=\"container\">\n\t\t\t\t<div class=\"elementor-element elementor-element-4edb9c8 elementor-widget elementor-widget-heading\" data-id=\"4edb9c8\" data-element_type=\"widget\" data-e-type=\"widget\" data-widget_type=\"heading.default\">\n\t\t\t\t\t<h3 class=\"elementor-heading-title elementor-size-default\">\u0414\u043e\u043f\u043e\u043b\u043d\u0438\u0442\u0435\u043b\u044c\u043d\u044b\u0435 \u043a\u043e\u043c\u043f\u043b\u0435\u043a\u0442\u0443\u044e\u0449\u0438\u0435<\/h3>\t\t\t\t<\/div>\n\t\t<div class=\"elementor-element elementor-element-c4a9423 e-con-full square-arrow e-flex e-con e-child\" data-id=\"c4a9423\" data-element_type=\"container\" data-e-type=\"container\">\n\t\t\t\t<div class=\"elementor-element elementor-element-b1e0f63 icon-center elementor-view-default elementor-widget elementor-widget-icon\" data-id=\"b1e0f63\" data-element_type=\"widget\" data-e-type=\"widget\" data-widget_type=\"icon.default\">\n\t\t\t\t\t\t\t<div class=\"elementor-icon-wrapper\">\n\t\t\t<div class=\"elementor-icon\">\n\t\t\t<svg xmlns=\"http:\/\/www.w3.org\/2000\/svg\" width=\"20\" height=\"20\" viewbox=\"0 0 20 20\" fill=\"none\"><path d=\"M2.5 8.75H14.5L11.6125 5.8625C11.3663 5.61625 11.25 5.3225 11.25 5C11.25 4.385 11.7581 3.75 12.5 3.75C12.8319 3.75 13.1213 3.87062 13.3625 4.1125L18.3363 9.08625C18.5413 9.29125 18.75 9.54437 18.75 10C18.75 10.4556 18.5756 10.675 18.3463 10.9044L13.3625 15.8875C13.1213 16.1294 12.8319 16.25 12.5 16.25C11.7575 16.25 11.25 15.615 11.25 15C11.25 14.6775 11.3663 14.3838 11.6125 14.1375L14.5 11.25H2.5C1.81 11.25 1.25 10.69 1.25 10C1.25 9.31 1.81 8.75 2.5 8.75Z\" fill=\"#1B1B1B\"><\/path><\/svg>\t\t\t<\/div>\n\t\t<\/div>\n\t\t\t\t\t\t<\/div>\n\t\t\t\t<\/div>\n\t\t\t\t<\/div>\n\t\t\t\t<\/div>\n\t\t\t\t<\/a>\n\t\t\t\t<\/div>\n\t\t\t\t\t<\/div>\n\t\t\t\t<\/div>\n\t\t\t\t<\/div>","protected":false},"excerpt":{"rendered":"<p>E-tellimus Tellige rangid oma kujude ja m\u00f5\u00f5tmetega Telli Kohe Profiilid Armatuur Armatuurv\u00f5rk Lisatarvikud<\/p>","protected":false},"author":5,"featured_media":0,"parent":0,"menu_order":0,"comment_status":"closed","ping_status":"closed","template":"elementor_header_footer","meta":{"footnotes":""},"class_list":["post-9","page","type-page","status-publish","hentry"],"_links":{"self":[{"href":"https:\/\/shop.eestitraat.ee\/ru\/wp-json\/wp\/v2\/pages\/9","targetHints":{"allow":["GET"]}}],"collection":[{"href":"https:\/\/shop.eestitraat.ee\/ru\/wp-json\/wp\/v2\/pages"}],"about":[{"href":"https:\/\/shop.eestitraat.ee\/ru\/wp-json\/wp\/v2\/types\/page"}],"author":[{"embeddable":true,"href":"https:\/\/shop.eestitraat.ee\/ru\/wp-json\/wp\/v2\/users\/5"}],"replies":[{"embeddable":true,"href":"https:\/\/shop.eestitraat.ee\/ru\/wp-json\/wp\/v2\/comments?post=9"}],"version-history":[{"count":5,"href":"https:\/\/shop.eestitraat.ee\/ru\/wp-json\/wp\/v2\/pages\/9\/revisions"}],"predecessor-version":[{"id":2740,"href":"https:\/\/shop.eestitraat.ee\/ru\/wp-json\/wp\/v2\/pages\/9\/revisions\/2740"}],"wp:attachment":[{"href":"https:\/\/shop.eestitraat.ee\/ru\/wp-json\/wp\/v2\/media?parent=9"}],"curies":[{"name":"wp","href":"https:\/\/api.w.org\/{rel}","templated":true}]}}